{"id":1079,"date":"2023-06-17T17:56:53","date_gmt":"2023-06-17T17:56:53","guid":{"rendered":"http:\/\/maviance.cm\/?page_id=1079"},"modified":"2024-07-05T22:58:56","modified_gmt":"2024-07-05T21:58:56","slug":"how","status":"publish","type":"page","link":"https:\/\/maviance.cm\/en\/how\/","title":{"rendered":"How does it work?"},"content":{"rendered":"\t\t<div data-elementor-type=\"wp-page\" data-elementor-id=\"1079\" class=\"elementor elementor-1079\" data-elementor-settings=\"{&quot;ha_cmc_init_switcher&quot;:&quot;no&quot;}\">\n\t\t\t\t\t\t<section class=\"elementor-section elementor-top-section elementor-element elementor-element-783f42e elementor-section-content-middle thefullscreen-first-fixed elementor-section-boxed elementor-section-height-default elementor-section-height-default wpr-particle-no wpr-jarallax-no wpr-parallax-no wpr-sticky-section-no wpr-equal-height-no\" data-id=\"783f42e\" data-element_type=\"section\" data-e-type=\"section\" data-settings=\"{&quot;background_background&quot;:&quot;classic&quot;,&quot;_ha_eqh_enable&quot;:false}\">\n\t\t\t\t\t\t\t<div class=\"elementor-background-overlay\"><\/div>\n\t\t\t\t\t\t\t<div class=\"elementor-container elementor-column-gap-default\">\n\t\t\t\t\t<div class=\"elementor-column elementor-col-100 elementor-top-column elementor-element elementor-element-675097a thefullscreen-first-fixed\" data-id=\"675097a\" data-element_type=\"column\" data-e-type=\"column\">\n\t\t\t<div class=\"elementor-widget-wrap elementor-element-populated\">\n\t\t\t\t\t\t<div class=\"elementor-element elementor-element-0ea3975 elementor-widget elementor-widget-heading\" data-id=\"0ea3975\" data-element_type=\"widget\" data-e-type=\"widget\" data-widget_type=\"heading.default\">\n\t\t\t\t<div class=\"elementor-widget-container\">\n\t\t\t\t\t<h2 class=\"elementor-heading-title elementor-size-default\">How does it work??<span class=\"colorPrimary1\">\u2027<\/span><\/h2>\t\t\t\t<\/div>\n\t\t\t\t<\/div>\n\t\t\t\t<div class=\"elementor-element elementor-element-9accaca centerAlign wide50 column noDisplay elementor-widget elementor-widget-eael-sticky-video\" data-id=\"9accaca\" data-element_type=\"widget\" data-e-type=\"widget\" data-widget_type=\"eael-sticky-video.default\">\n\t\t\t\t<div class=\"elementor-widget-container\">\n\t\t\t\t\t<div class=\"eael-sticky-video-wrapper eaelsv-overlay-visibility-\"><div class=\"eael-sticky-video-player2\" data-sticky=\"\" data-position=\"\" data-sheight=\"169\" data-swidth=\"300\" data-scroll_height=\"\" data-autoplay=\"yes\" data-overlay=\"no\"><div\n\t\t\tid=\"eaelsv-player-9accaca\"\n\t\t\tdata-plyr-provider=\"youtube\"\n\t\t\tdata-plyr-embed-id=\"220vzk8TXJE\"\n\t\t\tdata-plyr-config=\"{&quot;storage&quot;: {&quot;enabled&quot;: false, &quot;key&quot;: &quot;plyr&quot;}, &quot;autoplay&quot;:1, &quot;muted&quot;:1, &quot;volume&quot;:0, &quot;loop&quot;: {&quot;active&quot;: false}}\"\n\t\t><\/div>\n\t\t\t\t<span class=\"eaelsv-sticky-player-close\"><i class=\"fas fa-times-circle\"><\/i><\/span>\n\t\t\t<\/div>\n\t\t<\/div>\t\t\t\t<\/div>\n\t\t\t\t<\/div>\n\t\t\t\t<div class=\"elementor-element elementor-element-e553725 wpr-button-icon-style-inline wpr-button-icon-position-right elementor-widget elementor-widget-wpr-button\" data-id=\"e553725\" data-element_type=\"widget\" data-e-type=\"widget\" data-widget_type=\"wpr-button.default\">\n\t\t\t\t<div class=\"elementor-widget-container\">\n\t\t\t\t\t\t\n\t\t\t\n\t\t\n\t\t<div class=\"wpr-button-wrap elementor-clearfix\">\n\t\t<a class=\"wpr-button wpr-button-effect wpr-button-antiman\" data-text=\"\" href=\"http:\/\/maviance.cm\/start\/\">\n\t\t\t\n\t\t\t<span class=\"wpr-button-content\">\n\t\t\t\t\t\t\t\t\t<span class=\"wpr-button-text\">Try Maviance<\/span>\n\t\t\t\t\t\t\t\t\n\t\t\t\t\t\t\t\t\t<span class=\"wpr-button-icon\"><i class=\"fas fa-angle-right\"><\/i><\/span>\n\t\t\t\t\t\t\t<\/span>\n\t\t<\/a>\n\n\t\t\t\t<\/div>\n\t\n\t\n\t\t\t\t\t<\/div>\n\t\t\t\t<\/div>\n\t\t\t\t<section class=\"elementor-section elementor-inner-section elementor-element elementor-element-aee9d11 noDisplay elementor-section-boxed elementor-section-height-default elementor-section-height-default wpr-particle-no wpr-jarallax-no wpr-parallax-no wpr-sticky-section-no wpr-equal-height-no\" data-id=\"aee9d11\" data-element_type=\"section\" data-e-type=\"section\" data-settings=\"{&quot;_ha_eqh_enable&quot;:false}\">\n\t\t\t\t\t\t<div class=\"elementor-container elementor-column-gap-default\">\n\t\t\t\t\t<div class=\"elementor-column elementor-col-50 elementor-inner-column elementor-element elementor-element-ba27447\" data-id=\"ba27447\" data-element_type=\"column\" data-e-type=\"column\">\n\t\t\t<div class=\"elementor-widget-wrap elementor-element-populated\">\n\t\t\t\t\t\t<div class=\"elementor-element elementor-element-64f918c elementor-widget elementor-widget-eael-sticky-video\" data-id=\"64f918c\" data-element_type=\"widget\" data-e-type=\"widget\" data-widget_type=\"eael-sticky-video.default\">\n\t\t\t\t<div class=\"elementor-widget-container\">\n\t\t\t\t\t<div class=\"eael-sticky-video-wrapper eaelsv-overlay-visibility-\"><div class=\"eael-sticky-video-player2\" data-sticky=\"\" data-position=\"\" data-sheight=\"169\" data-swidth=\"300\" data-scroll_height=\"\" data-autoplay=\"no\" data-overlay=\"no\"><div\n\t\t\tid=\"eaelsv-player-64f918c\"\n\t\t\tdata-plyr-provider=\"youtube\"\n\t\t\tdata-plyr-embed-id=\"220vzk8TXJE\"\n\t\t\tdata-plyr-config=\"{&quot;storage&quot;: {&quot;enabled&quot;: false, &quot;key&quot;: &quot;plyr&quot;}, &quot;autoplay&quot;:0, &quot;muted&quot;:0, &quot;loop&quot;: {&quot;active&quot;: false}}\"\n\t\t><\/div>\n\t\t\t\t<span class=\"eaelsv-sticky-player-close\"><i class=\"fas fa-times-circle\"><\/i><\/span>\n\t\t\t<\/div>\n\t\t<\/div>\t\t\t\t<\/div>\n\t\t\t\t<\/div>\n\t\t\t\t\t<\/div>\n\t\t<\/div>\n\t\t\t\t<div class=\"elementor-column elementor-col-50 elementor-inner-column elementor-element elementor-element-9fcab6d\" data-id=\"9fcab6d\" data-element_type=\"column\" data-e-type=\"column\">\n\t\t\t<div class=\"elementor-widget-wrap elementor-element-populated\">\n\t\t\t\t\t\t<div class=\"elementor-element elementor-element-eeb68ee elementor-widget elementor-widget-text-editor\" data-id=\"eeb68ee\" data-element_type=\"widget\" data-e-type=\"widget\" data-widget_type=\"text-editor.default\">\n\t\t\t\t<div class=\"elementor-widget-container\">\n\t\t\t\t\t\t\t\t\t<p>Smobilpay vous permet de profiter d&#8217;une gestion des paiements digitaux simplifi\u00e9e et efficace.<\/p>\t\t\t\t\t\t\t\t<\/div>\n\t\t\t\t<\/div>\n\t\t\t\t<div class=\"elementor-element elementor-element-a145396 elementor-widget elementor-widget-toggle\" data-id=\"a145396\" data-element_type=\"widget\" data-e-type=\"widget\" data-widget_type=\"toggle.default\">\n\t\t\t\t<div class=\"elementor-widget-container\">\n\t\t\t\t\t\t\t<div class=\"elementor-toggle\">\n\t\t\t\t\t\t\t<div class=\"elementor-toggle-item\">\n\t\t\t\t\t<div id=\"elementor-tab-title-1691\" class=\"elementor-tab-title\" data-tab=\"1\" role=\"button\" aria-controls=\"elementor-tab-content-1691\" aria-expanded=\"false\">\n\t\t\t\t\t\t\t\t\t\t\t\t<span class=\"elementor-toggle-icon elementor-toggle-icon-left\" aria-hidden=\"true\">\n\t\t\t\t\t\t\t\t\t\t\t\t\t\t\t<span class=\"elementor-toggle-icon-closed\"><i class=\"fas fa-caret-down\"><\/i><\/span>\n\t\t\t\t\t\t\t\t<span class=\"elementor-toggle-icon-opened\"><i class=\"elementor-toggle-icon-opened fas fa-caret-up\"><\/i><\/span>\n\t\t\t\t\t\t\t\t\t\t\t\t\t<\/span>\n\t\t\t\t\t\t\t\t\t\t\t\t<a class=\"elementor-toggle-title\" tabindex=\"0\">Paiement facile, flexible, tra\u00e7able<\/a>\n\t\t\t\t\t<\/div>\n\n\t\t\t\t\t<div id=\"elementor-tab-content-1691\" class=\"elementor-tab-content elementor-clearfix\" data-tab=\"1\" role=\"region\" aria-labelledby=\"elementor-tab-title-1691\"><p>Smobilpay, c&#8217;est des fonctionnalit\u00e9s et services, permettant aux entreprises et m\u00e9nages de faire des paiements, traiter facilement les transactions financi\u00e8res en ligne, de s\u00e9curiser les paiements, et de g\u00e9rer leurs finances de mani\u00e8re transparente.<\/p><p>Gr\u00e2ce \u00e0 Smobilpay, acceptez les paiements de diverses natures (factures, achats, redevances, cotisations, inscriptions, imp\u00f4ts, douanes, etc.), de diverses m\u00e9thodes (mobile money, banques), offrez une exp\u00e9rience de paiement fluide \u00e0 vos clients.<\/p><p>Avec Smobilpay, r\u00e9conciliez vos transactions, paiements et optimisez vos op\u00e9rations financi\u00e8res.<\/p><\/div>\n\t\t\t\t<\/div>\n\t\t\t\t\t\t\t<div class=\"elementor-toggle-item\">\n\t\t\t\t\t<div id=\"elementor-tab-title-1692\" class=\"elementor-tab-title\" data-tab=\"2\" role=\"button\" aria-controls=\"elementor-tab-content-1692\" aria-expanded=\"false\">\n\t\t\t\t\t\t\t\t\t\t\t\t<span class=\"elementor-toggle-icon elementor-toggle-icon-left\" aria-hidden=\"true\">\n\t\t\t\t\t\t\t\t\t\t\t\t\t\t\t<span class=\"elementor-toggle-icon-closed\"><i class=\"fas fa-caret-down\"><\/i><\/span>\n\t\t\t\t\t\t\t\t<span class=\"elementor-toggle-icon-opened\"><i class=\"elementor-toggle-icon-opened fas fa-caret-up\"><\/i><\/span>\n\t\t\t\t\t\t\t\t\t\t\t\t\t<\/span>\n\t\t\t\t\t\t\t\t\t\t\t\t<a class=\"elementor-toggle-title\" tabindex=\"0\">Plusieurs fonctionnalit\u00e9s<\/a>\n\t\t\t\t\t<\/div>\n\n\t\t\t\t\t<div id=\"elementor-tab-content-1692\" class=\"elementor-tab-content elementor-clearfix\" data-tab=\"2\" role=\"region\" aria-labelledby=\"elementor-tab-title-1692\"><ul><li>Paiement Mobile Money, cartes de d\u00e9bit et comptes bancaires<\/li><li>Collecte, paiements, paiements de masse et remboursements automatis\u00e9s<\/li><li>Paiement et transferts \u00e0 l&#8217;\u00e9tranger<\/li><li>Requ\u00eate de paiement, QRCodes<\/li><li>Gestion de contacts et de liste de diffusion<\/li><li>Onboarding KYC\/KYB<\/li><li>Preuve de paiements et relev\u00e9s, historique, reporting et statuts<\/li><\/ul><\/div>\n\t\t\t\t<\/div>\n\t\t\t\t\t\t\t<div class=\"elementor-toggle-item\">\n\t\t\t\t\t<div id=\"elementor-tab-title-1693\" class=\"elementor-tab-title\" data-tab=\"3\" role=\"button\" aria-controls=\"elementor-tab-content-1693\" aria-expanded=\"false\">\n\t\t\t\t\t\t\t\t\t\t\t\t<span class=\"elementor-toggle-icon elementor-toggle-icon-left\" aria-hidden=\"true\">\n\t\t\t\t\t\t\t\t\t\t\t\t\t\t\t<span class=\"elementor-toggle-icon-closed\"><i class=\"fas fa-caret-down\"><\/i><\/span>\n\t\t\t\t\t\t\t\t<span class=\"elementor-toggle-icon-opened\"><i class=\"elementor-toggle-icon-opened fas fa-caret-up\"><\/i><\/span>\n\t\t\t\t\t\t\t\t\t\t\t\t\t<\/span>\n\t\t\t\t\t\t\t\t\t\t\t\t<a class=\"elementor-toggle-title\" tabindex=\"0\">Multiples avantages<\/a>\n\t\t\t\t\t<\/div>\n\n\t\t\t\t\t<div id=\"elementor-tab-content-1693\" class=\"elementor-tab-content elementor-clearfix\" data-tab=\"3\" role=\"region\" aria-labelledby=\"elementor-tab-title-1693\"><ul><li>Onboarding en 24 heures<\/li><li>Tarification comp\u00e9titive bas\u00e9e sur le volume<br \/><br \/>Pas de frais cach\u00e9s, Pas de frais d\u2019installation, Pas de frais d\u2019utilisation, Pas de frais sur l\u2019ajout d\u2019agents, Nombre d\u2019agents illimit\u00e9s pour un compte. <br \/><br \/>La facturation ne se fait que sur la transaction.<\/li><li>commercial d\u00e9di\u00e9<\/li><li>Disponible sur le Web et en API<\/li><\/ul><\/div>\n\t\t\t\t<\/div>\n\t\t\t\t\t\t\t\t<\/div>\n\t\t\t\t\t\t<\/div>\n\t\t\t\t<\/div>\n\t\t\t\t\t<\/div>\n\t\t<\/div>\n\t\t\t\t\t<\/div>\n\t\t<\/section>\n\t\t\t\t\t<\/div>\n\t\t<\/div>\n\t\t\t\t\t<\/div>\n\t\t<\/section>\n\t\t\t\t<\/div>\n\t\t","protected":false},"excerpt":{"rendered":"<p>How does it work??\u2027 Try Maviance Smobilpay vous permet de profiter d&#8217;une gestion des paiements digitaux simplifi\u00e9e et efficace. Paiement facile, flexible, tra\u00e7able Smobilpay, c&#8217;est des fonctionnalit\u00e9s et services, permettant aux entreprises et m\u00e9nages de faire des paiements, traiter facilement les transactions financi\u00e8res en ligne, de s\u00e9curiser les paiements, et de g\u00e9rer leurs finances de mani\u00e8re transparente. Gr\u00e2ce \u00e0 Smobilpay, acceptez les paiements de diverses natures (factures, achats, redevances, cotisations, inscriptions, imp\u00f4ts, douanes, etc.), de diverses m\u00e9thodes (mobile money, banques), offrez une exp\u00e9rience de paiement fluide \u00e0 vos clients. Avec Smobilpay, r\u00e9conciliez vos transactions, paiements et optimisez vos op\u00e9rations financi\u00e8res. Plusieurs fonctionnalit\u00e9s Paiement Mobile Money, cartes de d\u00e9bit et comptes bancaires Collecte, paiements, paiements de masse et remboursements automatis\u00e9s Paiement et transferts \u00e0 l&#8217;\u00e9tranger Requ\u00eate de paiement, QRCodes Gestion de contacts et de liste de diffusion Onboarding KYC\/KYB Preuve de paiements et relev\u00e9s, historique, reporting et statuts Multiples avantages Onboarding en 24 heures Tarification comp\u00e9titive bas\u00e9e sur le volume Pas de frais cach\u00e9s, Pas de frais d\u2019installation, Pas de frais d\u2019utilisation, Pas de frais sur l\u2019ajout d\u2019agents, Nombre d\u2019agents illimit\u00e9s pour un compte. La facturation ne se fait que sur la transaction. commercial d\u00e9di\u00e9 Disponible sur le Web et en API<\/p>\n","protected":false},"author":1,"featured_media":0,"parent":0,"menu_order":0,"comment_status":"closed","ping_status":"closed","template":"elementor_canvas","meta":{"footnotes":""},"class_list":["post-1079","page","type-page","status-publish","hentry"],"yoast_head":"<!-- This site is optimized with the Yoast SEO plugin v27.4 - https:\/\/yoast.com\/product\/yoast-seo-wordpress\/ -->\n<title>How does it work? &#8226; maviance<\/title>\n<meta name=\"robots\" content=\"index, follow, max-snippet:-1, max-image-preview:large, max-video-preview:-1\" \/>\n<link rel=\"canonical\" href=\"https:\/\/maviance.cm\/en\/how\/\" \/>\n<meta property=\"og:locale\" content=\"en_US\" \/>\n<meta property=\"og:type\" content=\"article\" \/>\n<meta property=\"og:title\" content=\"How does it work? &#8226; maviance\" \/>\n<meta property=\"og:description\" content=\"How does it work??\u2027 Try Maviance Smobilpay vous permet de profiter d&#8217;une gestion des paiements digitaux simplifi\u00e9e et efficace. Paiement facile, flexible, tra\u00e7able Smobilpay, c&#8217;est des fonctionnalit\u00e9s et services, permettant aux entreprises et m\u00e9nages de faire des paiements, traiter facilement les transactions financi\u00e8res en ligne, de s\u00e9curiser les paiements, et de g\u00e9rer leurs finances de mani\u00e8re transparente. Gr\u00e2ce \u00e0 Smobilpay, acceptez les paiements de diverses natures (factures, achats, redevances, cotisations, inscriptions, imp\u00f4ts, douanes, etc.), de diverses m\u00e9thodes (mobile money, banques), offrez une exp\u00e9rience de paiement fluide \u00e0 vos clients. Avec Smobilpay, r\u00e9conciliez vos transactions, paiements et optimisez vos op\u00e9rations financi\u00e8res. Plusieurs fonctionnalit\u00e9s Paiement Mobile Money, cartes de d\u00e9bit et comptes bancaires Collecte, paiements, paiements de masse et remboursements automatis\u00e9s Paiement et transferts \u00e0 l&#8217;\u00e9tranger Requ\u00eate de paiement, QRCodes Gestion de contacts et de liste de diffusion Onboarding KYC\/KYB Preuve de paiements et relev\u00e9s, historique, reporting et statuts Multiples avantages Onboarding en 24 heures Tarification comp\u00e9titive bas\u00e9e sur le volume Pas de frais cach\u00e9s, Pas de frais d\u2019installation, Pas de frais d\u2019utilisation, Pas de frais sur l\u2019ajout d\u2019agents, Nombre d\u2019agents illimit\u00e9s pour un compte. La facturation ne se fait que sur la transaction. commercial d\u00e9di\u00e9 Disponible sur le Web et en API\" \/>\n<meta property=\"og:url\" content=\"https:\/\/maviance.cm\/en\/how\/\" \/>\n<meta property=\"og:site_name\" content=\"maviance\" \/>\n<meta property=\"article:modified_time\" content=\"2024-07-05T21:58:56+00:00\" \/>\n<meta property=\"og:image\" content=\"https:\/\/maviance.cm\/wp-content\/uploads\/2024\/02\/maviance-banner-1.png\" \/>\n\t<meta property=\"og:image:width\" content=\"1200\" \/>\n\t<meta property=\"og:image:height\" content=\"675\" \/>\n\t<meta property=\"og:image:type\" content=\"image\/png\" \/>\n<meta name=\"twitter:card\" content=\"summary_large_image\" \/>\n<meta name=\"twitter:label1\" content=\"Est. reading time\" \/>\n\t<meta name=\"twitter:data1\" content=\"2 minutes\" \/>\n<script type=\"application\/ld+json\" class=\"yoast-schema-graph\">{\"@context\":\"https:\\\/\\\/schema.org\",\"@graph\":[{\"@type\":\"WebPage\",\"@id\":\"https:\\\/\\\/maviance.cm\\\/en\\\/how\\\/\",\"url\":\"https:\\\/\\\/maviance.cm\\\/en\\\/how\\\/\",\"name\":\"How does it work? &#8226; maviance\",\"isPartOf\":{\"@id\":\"https:\\\/\\\/maviance.cm\\\/en\\\/#website\"},\"datePublished\":\"2023-06-17T17:56:53+00:00\",\"dateModified\":\"2024-07-05T21:58:56+00:00\",\"breadcrumb\":{\"@id\":\"https:\\\/\\\/maviance.cm\\\/en\\\/how\\\/#breadcrumb\"},\"inLanguage\":\"en-US\",\"potentialAction\":[{\"@type\":\"ReadAction\",\"target\":[[\"https:\\\/\\\/maviance.cm\\\/en\\\/how\\\/\"]]}]},{\"@type\":\"BreadcrumbList\",\"@id\":\"https:\\\/\\\/maviance.cm\\\/en\\\/how\\\/#breadcrumb\",\"itemListElement\":[{\"@type\":\"ListItem\",\"position\":1,\"name\":\"Accueil\",\"item\":\"https:\\\/\\\/maviance.cm\\\/en\\\/\"},{\"@type\":\"ListItem\",\"position\":2,\"name\":\"Comment \u00e7a marche?\"}]},{\"@type\":\"WebSite\",\"@id\":\"https:\\\/\\\/maviance.cm\\\/en\\\/#website\",\"url\":\"https:\\\/\\\/maviance.cm\\\/en\\\/\",\"name\":\"maviance\",\"description\":\"Digitalisez vos paiements\",\"publisher\":{\"@id\":\"https:\\\/\\\/maviance.cm\\\/en\\\/#organization\"},\"potentialAction\":[{\"@type\":\"SearchAction\",\"target\":{\"@type\":\"EntryPoint\",\"urlTemplate\":\"https:\\\/\\\/maviance.cm\\\/en\\\/?s={search_term_string}\"},\"query-input\":{\"@type\":\"PropertyValueSpecification\",\"valueRequired\":true,\"valueName\":\"search_term_string\"}}],\"inLanguage\":\"en-US\"},{\"@type\":\"Organization\",\"@id\":\"https:\\\/\\\/maviance.cm\\\/en\\\/#organization\",\"name\":\"Maviance Plc\",\"alternateName\":\"Maviance\",\"url\":\"https:\\\/\\\/maviance.cm\\\/en\\\/\",\"logo\":{\"@type\":\"ImageObject\",\"inLanguage\":\"en-US\",\"@id\":\"https:\\\/\\\/maviance.cm\\\/en\\\/#\\\/schema\\\/logo\\\/image\\\/\",\"url\":\"https:\\\/\\\/i0.wp.com\\\/maviance.cm\\\/wp-content\\\/uploads\\\/2023\\\/06\\\/maviance-logo-small.png?fit=640%2C136&ssl=1\",\"contentUrl\":\"https:\\\/\\\/i0.wp.com\\\/maviance.cm\\\/wp-content\\\/uploads\\\/2023\\\/06\\\/maviance-logo-small.png?fit=640%2C136&ssl=1\",\"width\":640,\"height\":136,\"caption\":\"Maviance Plc\"},\"image\":{\"@id\":\"https:\\\/\\\/maviance.cm\\\/en\\\/#\\\/schema\\\/logo\\\/image\\\/\"},\"sameAs\":[\"https:\\\/\\\/linkedin.com\\\/company\\\/maviance-cameroon\\\/\"]}]}<\/script>\n<!-- \/ Yoast SEO plugin. -->","yoast_head_json":{"title":"How does it work? &#8226; maviance","robots":{"index":"index","follow":"follow","max-snippet":"max-snippet:-1","max-image-preview":"max-image-preview:large","max-video-preview":"max-video-preview:-1"},"canonical":"https:\/\/maviance.cm\/en\/how\/","og_locale":"en_US","og_type":"article","og_title":"How does it work? &#8226; maviance","og_description":"How does it work??\u2027 Try Maviance Smobilpay vous permet de profiter d&#8217;une gestion des paiements digitaux simplifi\u00e9e et efficace. Paiement facile, flexible, tra\u00e7able Smobilpay, c&#8217;est des fonctionnalit\u00e9s et services, permettant aux entreprises et m\u00e9nages de faire des paiements, traiter facilement les transactions financi\u00e8res en ligne, de s\u00e9curiser les paiements, et de g\u00e9rer leurs finances de mani\u00e8re transparente. Gr\u00e2ce \u00e0 Smobilpay, acceptez les paiements de diverses natures (factures, achats, redevances, cotisations, inscriptions, imp\u00f4ts, douanes, etc.), de diverses m\u00e9thodes (mobile money, banques), offrez une exp\u00e9rience de paiement fluide \u00e0 vos clients. Avec Smobilpay, r\u00e9conciliez vos transactions, paiements et optimisez vos op\u00e9rations financi\u00e8res. Plusieurs fonctionnalit\u00e9s Paiement Mobile Money, cartes de d\u00e9bit et comptes bancaires Collecte, paiements, paiements de masse et remboursements automatis\u00e9s Paiement et transferts \u00e0 l&#8217;\u00e9tranger Requ\u00eate de paiement, QRCodes Gestion de contacts et de liste de diffusion Onboarding KYC\/KYB Preuve de paiements et relev\u00e9s, historique, reporting et statuts Multiples avantages Onboarding en 24 heures Tarification comp\u00e9titive bas\u00e9e sur le volume Pas de frais cach\u00e9s, Pas de frais d\u2019installation, Pas de frais d\u2019utilisation, Pas de frais sur l\u2019ajout d\u2019agents, Nombre d\u2019agents illimit\u00e9s pour un compte. La facturation ne se fait que sur la transaction. commercial d\u00e9di\u00e9 Disponible sur le Web et en API","og_url":"https:\/\/maviance.cm\/en\/how\/","og_site_name":"maviance","article_modified_time":"2024-07-05T21:58:56+00:00","og_image":[{"width":1200,"height":675,"url":"https:\/\/maviance.cm\/wp-content\/uploads\/2024\/02\/maviance-banner-1.png","type":"image\/png"}],"twitter_card":"summary_large_image","twitter_misc":{"Est. reading time":"2 minutes"},"schema":{"@context":"https:\/\/schema.org","@graph":[{"@type":"WebPage","@id":"https:\/\/maviance.cm\/en\/how\/","url":"https:\/\/maviance.cm\/en\/how\/","name":"How does it work? &#8226; maviance","isPartOf":{"@id":"https:\/\/maviance.cm\/en\/#website"},"datePublished":"2023-06-17T17:56:53+00:00","dateModified":"2024-07-05T21:58:56+00:00","breadcrumb":{"@id":"https:\/\/maviance.cm\/en\/how\/#breadcrumb"},"inLanguage":"en-US","potentialAction":[{"@type":"ReadAction","target":[["https:\/\/maviance.cm\/en\/how\/"]]}]},{"@type":"BreadcrumbList","@id":"https:\/\/maviance.cm\/en\/how\/#breadcrumb","itemListElement":[{"@type":"ListItem","position":1,"name":"Accueil","item":"https:\/\/maviance.cm\/en\/"},{"@type":"ListItem","position":2,"name":"Comment \u00e7a marche?"}]},{"@type":"WebSite","@id":"https:\/\/maviance.cm\/en\/#website","url":"https:\/\/maviance.cm\/en\/","name":"maviance","description":"Digitalisez vos paiements","publisher":{"@id":"https:\/\/maviance.cm\/en\/#organization"},"potentialAction":[{"@type":"SearchAction","target":{"@type":"EntryPoint","urlTemplate":"https:\/\/maviance.cm\/en\/?s={search_term_string}"},"query-input":{"@type":"PropertyValueSpecification","valueRequired":true,"valueName":"search_term_string"}}],"inLanguage":"en-US"},{"@type":"Organization","@id":"https:\/\/maviance.cm\/en\/#organization","name":"Maviance Plc","alternateName":"Maviance","url":"https:\/\/maviance.cm\/en\/","logo":{"@type":"ImageObject","inLanguage":"en-US","@id":"https:\/\/maviance.cm\/en\/#\/schema\/logo\/image\/","url":"https:\/\/i0.wp.com\/maviance.cm\/wp-content\/uploads\/2023\/06\/maviance-logo-small.png?fit=640%2C136&ssl=1","contentUrl":"https:\/\/i0.wp.com\/maviance.cm\/wp-content\/uploads\/2023\/06\/maviance-logo-small.png?fit=640%2C136&ssl=1","width":640,"height":136,"caption":"Maviance Plc"},"image":{"@id":"https:\/\/maviance.cm\/en\/#\/schema\/logo\/image\/"},"sameAs":["https:\/\/linkedin.com\/company\/maviance-cameroon\/"]}]}},"_links":{"self":[{"href":"https:\/\/maviance.cm\/en\/wp-json\/wp\/v2\/pages\/1079","targetHints":{"allow":["GET"]}}],"collection":[{"href":"https:\/\/maviance.cm\/en\/wp-json\/wp\/v2\/pages"}],"about":[{"href":"https:\/\/maviance.cm\/en\/wp-json\/wp\/v2\/types\/page"}],"author":[{"embeddable":true,"href":"https:\/\/maviance.cm\/en\/wp-json\/wp\/v2\/users\/1"}],"replies":[{"embeddable":true,"href":"https:\/\/maviance.cm\/en\/wp-json\/wp\/v2\/comments?post=1079"}],"version-history":[{"count":7,"href":"https:\/\/maviance.cm\/en\/wp-json\/wp\/v2\/pages\/1079\/revisions"}],"predecessor-version":[{"id":15138,"href":"https:\/\/maviance.cm\/en\/wp-json\/wp\/v2\/pages\/1079\/revisions\/15138"}],"wp:attachment":[{"href":"https:\/\/maviance.cm\/en\/wp-json\/wp\/v2\/media?parent=1079"}],"curies":[{"name":"wp","href":"https:\/\/api.w.org\/{rel}","templated":true}]}}